{"id":9,"date":"2021-06-03T08:11:56","date_gmt":"2021-06-03T08:11:56","guid":{"rendered":"https:\/\/charcoalmachines.com\/?page_id=9"},"modified":"2025-12-05T11:43:01","modified_gmt":"2025-12-05T03:43:01","slug":"contact-us","status":"publish","type":"page","link":"https:\/\/charcoalmachines.com\/fr\/contact-us\/","title":{"rendered":"Contactez-nous"},"content":{"rendered":"<h2 class=\"wp-block-heading\">Nous aimerions avoir de vos nouvelles !<\/h2>    <p>N'h\u00e9sitez pas \u00e0 nous contacter si vous avez des questions avant ou apr\u00e8s la vente, ou m\u00eame si vous souhaitez simplement partager des id\u00e9es et des pens\u00e9es int\u00e9ressantes.<\/p>    <p>Nous acceptons les demandes dans toutes les langues du monde.<\/p>    <p>Peu importe dans quel pays vous vous trouvez, nous vous r\u00e9pondrons professionnellement dans les 24 heures.<\/p>    <p>N'h\u00e9sitez pas \u00e0 nous contacter. Merci.<\/p>    <p><\/p>    <h2 class=\"wp-block-heading\">Contactez-nous<\/h2>    <p>WhatsApp :  86-15838192276<\/p>    <p>T\u00e9l &amp; WeChat :  86-15838192276<\/p>    <p>Email : info@charcoalmachines.com<\/p>    <p><\/p>","protected":false},"excerpt":{"rendered":"<p>We would love to hear from you! Do not hesitate to contact us if you have any pre-sale or after-sale questions, or even if you only want to share some cool thoughts and ideas. We accept inquiries from any language in the world. No matter which country you are in, we will give you a [&hellip;]<\/p>\n","protected":false},"author":1,"featured_media":27,"parent":0,"menu_order":0,"comment_status":"closed","ping_status":"closed","template":"","meta":{"footnotes":""},"class_list":["post-9","page","type-page","status-publish","has-post-thumbnail","hentry"],"_links":{"self":[{"href":"https:\/\/charcoalmachines.com\/fr\/wp-json\/wp\/v2\/pages\/9","targetHints":{"allow":["GET"]}}],"collection":[{"href":"https:\/\/charcoalmachines.com\/fr\/wp-json\/wp\/v2\/pages"}],"about":[{"href":"https:\/\/charcoalmachines.com\/fr\/wp-json\/wp\/v2\/types\/page"}],"author":[{"embeddable":true,"href":"https:\/\/charcoalmachines.com\/fr\/wp-json\/wp\/v2\/users\/1"}],"replies":[{"embeddable":true,"href":"https:\/\/charcoalmachines.com\/fr\/wp-json\/wp\/v2\/comments?post=9"}],"version-history":[{"count":0,"href":"https:\/\/charcoalmachines.com\/fr\/wp-json\/wp\/v2\/pages\/9\/revisions"}],"wp:featuredmedia":[{"embeddable":true,"href":"https:\/\/charcoalmachines.com\/fr\/wp-json\/wp\/v2\/media\/27"}],"wp:attachment":[{"href":"https:\/\/charcoalmachines.com\/fr\/wp-json\/wp\/v2\/media?parent=9"}],"curies":[{"name":"wp","href":"https:\/\/api.w.org\/{rel}","templated":true}]}}