{"id":9,"date":"2021-06-03T08:11:56","date_gmt":"2021-06-03T08:11:56","guid":{"rendered":"https:\/\/charcoalmachines.com\/?page_id=9"},"modified":"2025-12-05T11:43:01","modified_gmt":"2025-12-05T03:43:01","slug":"contact-us","status":"publish","type":"page","link":"https:\/\/charcoalmachines.com\/vi\/contact-us\/","title":{"rendered":"Li\u00ean h\u1ec7 ch\u00fang t\u00f4i"},"content":{"rendered":"<h2 class=\"wp-block-heading\">Ch\u00fang t\u00f4i r\u1ea5t mong nh\u1eadn \u0111\u01b0\u1ee3c ph\u1ea3n h\u1ed3i t\u1eeb b\u1ea1n!<\/h2>    <p>\u0110\u1eebng ng\u1ea7n ng\u1ea1i li\u00ean h\u1ec7 v\u1edbi ch\u00fang t\u00f4i n\u1ebfu b\u1ea1n c\u00f3 b\u1ea5t k\u1ef3 c\u00e2u h\u1ecfi n\u00e0o v\u1ec1 b\u00e1n h\u00e0ng ho\u1eb7c sau b\u00e1n h\u00e0ng, ho\u1eb7c th\u1eadm ch\u00ed n\u1ebfu b\u1ea1n ch\u1ec9 mu\u1ed1n chia s\u1ebb m\u1ed9t s\u1ed1 suy ngh\u0129 v\u00e0 \u00fd t\u01b0\u1edfng th\u00fa v\u1ecb.<\/p>    <p>Ch\u00fang t\u00f4i ch\u1ea5p nh\u1eadn c\u00e1c y\u00eau c\u1ea7u t\u1eeb b\u1ea5t k\u1ef3 ng\u00f4n ng\u1eef n\u00e0o tr\u00ean th\u1ebf gi\u1edbi.<\/p>    <p>D\u00f9 b\u1ea1n \u1edf qu\u1ed1c gia n\u00e0o, ch\u00fang t\u00f4i s\u1ebd ph\u1ea3n h\u1ed3i chuy\u00ean nghi\u1ec7p trong v\u00f2ng 24 gi\u1edd.<\/p>    <p>Xin vui l\u00f2ng li\u00ean h\u1ec7 v\u1edbi ch\u00fang t\u00f4i. C\u1ea3m \u01a1n b\u1ea1n.<\/p>    <p><\/p>    <h2 class=\"wp-block-heading\">Li\u00ean h\u1ec7 v\u1edbi ch\u00fang t\u00f4i<\/h2>    <p>WhatsApp:  86-15838192276<\/p>    <p>Tel &amp; WeChat:  86-15838192276<\/p>    <p>Email: info@charcoalmachines.com<\/p>    <p><\/p>","protected":false},"excerpt":{"rendered":"<p>We would love to hear from you! Do not hesitate to contact us if you have any pre-sale or after-sale questions, or even if you only want to share some cool thoughts and ideas. We accept inquiries from any language in the world. No matter which country you are in, we will give you a [&hellip;]<\/p>\n","protected":false},"author":1,"featured_media":27,"parent":0,"menu_order":0,"comment_status":"closed","ping_status":"closed","template":"","meta":{"footnotes":""},"class_list":["post-9","page","type-page","status-publish","has-post-thumbnail","hentry"],"_links":{"self":[{"href":"https:\/\/charcoalmachines.com\/vi\/wp-json\/wp\/v2\/pages\/9","targetHints":{"allow":["GET"]}}],"collection":[{"href":"https:\/\/charcoalmachines.com\/vi\/wp-json\/wp\/v2\/pages"}],"about":[{"href":"https:\/\/charcoalmachines.com\/vi\/wp-json\/wp\/v2\/types\/page"}],"author":[{"embeddable":true,"href":"https:\/\/charcoalmachines.com\/vi\/wp-json\/wp\/v2\/users\/1"}],"replies":[{"embeddable":true,"href":"https:\/\/charcoalmachines.com\/vi\/wp-json\/wp\/v2\/comments?post=9"}],"version-history":[{"count":0,"href":"https:\/\/charcoalmachines.com\/vi\/wp-json\/wp\/v2\/pages\/9\/revisions"}],"wp:featuredmedia":[{"embeddable":true,"href":"https:\/\/charcoalmachines.com\/vi\/wp-json\/wp\/v2\/media\/27"}],"wp:attachment":[{"href":"https:\/\/charcoalmachines.com\/vi\/wp-json\/wp\/v2\/media?parent=9"}],"curies":[{"name":"wp","href":"https:\/\/api.w.org\/{rel}","templated":true}]}}